{"id":2271,"date":"2019-05-03T13:30:07","date_gmt":"2019-05-03T13:30:07","guid":{"rendered":"https:\/\/generate.fr\/gicat\/"},"modified":"2019-10-07T11:48:41","modified_gmt":"2019-10-07T11:48:41","slug":"gicat","status":"publish","type":"page","link":"https:\/\/generate.fr\/en\/gicat\/","title":{"rendered":"GICAT"},"content":{"rendered":"<section class=\"ffb-id-33dhfj8b fg-section fg-text-dark\"><div class=\"fg-container container fg-container-large fg-container-lvl--1 fg-container-no-padding\"><div class=\"fg-row row    fg-row-match-cols\"  data-fg-match-cols=\"{&quot;1&quot;:&quot;1&quot;,&quot;2&quot;:&quot;1&quot;,&quot;3&quot;:&quot;1&quot;,&quot;4&quot;:&quot;1&quot;}\" ><div class=\"ffb-id-33dhfj8c fg-col col-xs-12 col-md-4 col-lg-6 fg-text-dark\"><div class=\"fg-vcenter-wrapper\"><div class=\"fg-vcenter\"><div class=\"fg-match-column-inside-wrapper\"><div class=\"ffb-id-33dhfj8m fg-wrapper fg-el-has-bg fg-text-dark\" data-fg-wow=\"fadeInLeft\" data-wow-duration=\"2s\"><span class=\"fg-bg\"><span data-fg-bg=\"{&quot;type&quot;:&quot;color&quot;,&quot;opacity&quot;:1,&quot;color&quot;:&quot;#ffffff&quot;}\" class=\"fg-bg-layer fg-bg-type-color \" style=\"opacity: 1; background-color: #ffffff;\"><\/span><\/span><a class=\"ffb-id-33dhfj8r responsive-image-wrapper fg-text-dark\" href=\"https:\/\/generate.fr\/wp-content\/uploads\/2019\/05\/20181023_GICAT_RA-2018_EXE_WEB.pdf\" target=\"_blank\"><img decoding=\"async\"  class=\"fg-image  img-responsive full-width\"  src=\"https:\/\/generate.fr\/wp-content\/uploads\/2019\/05\/Gicat45.jpg\"  alt=\"Gicat45\"  title=\"\"   =\"\" ><\/a><h2 class=\"ffb-id-33dhfj8s fg-heading text-center    fg-text-dark\"><\/p>\n<p>What is the GICAT?<\/p>\n<p><\/h2><div class=\"ffb-id-33dhfj8t fg-paragraph ff-richtext text-center    fg-text-dark\"><\/p>\n<p style=\"text-align: justify\">The French Land and Airland Defence and Security Industries Association GICAT, a professional association created in 1978, has more than 270 members representing major international companies, small and medium-sized businesses. The members cover a wide spectrum of industrial, research, service and advisory activities for the benefit of military and civilian components, national and international involved in land and air security and\/or defence<\/p>\n<p><\/div><div class=\"ffb-id-33di0b28 buttons-el-wrapper text-center    fg-text-dark\" data-fg-wow=\"fadeInUp\" data-wow-duration=\"2s\"><a href=\"https:\/\/generate.fr\/wp-content\/uploads\/2019\/05\/20181023_GICAT_RA-2018_EXE_WEB.pdf\" target=\"_blank\" class=\"ffb-block-button-1-0 ffb-btn ffb-btn-v1 ffb-btn-link  btn-base-brd-slide btn-slide radius-3 btn-base-md  ff-button-block-margin-r  btn-w-auto fg-text-dark ffb-button1-1\"><span class=\"btn-text\">Download the latest activity report 2018<\/span><\/a><\/div><\/div><\/div><\/div><\/div><\/div><div class=\"ffb-id-33dhfj8v fg-col col-xs-12 col-md-4 col-lg-6 fg-text-dark\"><div class=\"fg-vcenter-wrapper\"><div class=\"fg-vcenter\"><div class=\"fg-match-column-inside-wrapper\"><div class=\"ffb-id-33dhfj99 fg-wrapper fg-el-has-bg fg-text-dark\" data-fg-wow=\"fadeInRight\"><span class=\"fg-bg\"><span data-fg-bg=\"{&quot;type&quot;:&quot;color&quot;,&quot;opacity&quot;:1,&quot;color&quot;:&quot;#ffffff&quot;}\" class=\"fg-bg-layer fg-bg-type-color \" style=\"opacity: 1; background-color: #ffffff;\"><\/span><\/span><a class=\"ffb-id-33dhfj9e responsive-image-wrapper fg-text-dark\" href=\"https:\/\/generate.fr\/presentation\/gicat\/\"><img decoding=\"async\"  class=\"fg-image  img-responsive full-width\"  src=\"https:\/\/generate.fr\/wp-content\/uploads\/2019\/06\/Capture-d\u2019e\u0301cran-2019-06-11-a\u0300-17.42.45.png\"  alt=\"Capture d\u2019e\u0301cran 2019-06-11 a\u0300 17.42.45\"  title=\"\"   =\"\" ><\/a><h2 class=\"ffb-id-33dhfj9f fg-heading text-center    fg-text-dark\"><\/p>\n<p>The objectives of the GICAT<\/p>\n<p><\/h2><div class=\"ffb-id-33dhfj9g fg-paragraph ff-richtext text-center    listeStylisee fg-text-dark\"><\/p>\n<p style=\"text-align: justify\">The group represents the French Land and Air Security and Defence industrial interests around four objectives:<\/p>\n<ul>\n<li style=\"text-align: justify\">Organise dialogue between institutional and industrial actors in the sector<\/li>\n<li style=\"text-align: justify\">Offer services to its members to promote their development in France and abroad<\/li>\n<li style=\"text-align: justify\">Create an enabling environment for the exchanges between industrial actors<\/li>\n<li style=\"text-align: justify\">Promote the know-how and image of the sector&rsquo;s industry<\/li>\n<\/ul>\n<p style=\"text-align: justify\">The GICAT&rsquo;s international presence is supported by the international trade fairs EUROSATORY in France, Platinum in Monaco, Expodefensa in Colombia and Shieldafrica in Ivory Coast organized by its subsidiary the COGES, as well as a number of defence and\/or security fairs abroad.&nbsp;<\/p>\n<p style=\"text-align: justify\">&nbsp;<\/p>\n<p><\/div><div class=\"ffb-id-33dhfj9h buttons-el-wrapper text-center    fg-text-dark\" data-fg-wow=\"fadeInUp\" data-wow-duration=\"2s\"><a href=\"https:\/\/www.gicat.com\/\" target=\"_blank\" class=\"ffb-block-button-2-0 ffb-btn ffb-btn-v1 ffb-btn-link  btn-base-brd-slide btn-slide radius-3 btn-base-md  ff-button-block-margin-r  btn-w-auto fg-text-dark ffb-button1-1\"><span class=\"btn-text\">TO LEARN MORE ABOUT THE GICAT<\/span><\/a><\/div><\/div><\/div><\/div><\/div><\/div><\/div><\/div><\/section><style>.ffb-id-33dhfj99{ padding-bottom: 20px;}@media (min-width:992px) { .ffb-id-33dhfj99{ padding-top: 20px;padding-right: 20px;padding-left: 20px;}}@media (min-width:992px) {  .ffb-id-33dhfj99{ -webkit-box-shadow: 0px 3px 50px 0px rgba(0,0,0,0.07) !important;-moz-box-shadow: 0px 3px 50px 0px rgba(0,0,0,0.07) !important;-ms-box-shadow: 0px 3px 50px 0px rgba(0,0,0,0.07) !important;box-shadow: 0px 3px 50px 0px rgba(0,0,0,0.07) !important;}}@media (min-width:992px) {  .ffb-id-33dhfj99:hover{ -webkit-box-shadow: 0px 3px 50px 0px rgba(0,0,0,0.2) !important;-moz-box-shadow: 0px 3px 50px 0px rgba(0,0,0,0.2) !important;-ms-box-shadow: 0px 3px 50px 0px rgba(0,0,0,0.2) !important;box-shadow: 0px 3px 50px 0px rgba(0,0,0,0.2) !important;}} .ffb-id-33dhfj99{ -webkit-transition: box-shadow 0.3s ease-in-out !important;-ms-transition: box-shadow 0.3s ease-in-out !important;-moz-transition: box-shadow 0.3s ease-in-out !important;transition: box-shadow 0.3s ease-in-out !important;}.ffb-id-33dhfj9h .ffb-button1-1.ffb-block-button-2-0.btn-base-brd-slide{ color:#ffffff;}.ffb-id-33dhfj9h .ffb-button1-1.ffb-block-button-2-0.btn-base-brd-slide:hover{ color:#ffffff;}.ffb-id-33dhfj9h .ffb-button1-1.ffb-block-button-2-0.btn-base-brd-slide{ border-color: transparent;}.ffb-id-33dhfj9h .ffb-button1-1.ffb-block-button-2-0.btn-base-brd-slide:hover{ border-color: transparent;}.ffb-id-33dhfj9h .ffb-button1-1.ffb-block-button-2-0.btn-base-brd-slide{ background-color:#b1013b;}.ffb-id-33dhfj9h .ffb-button1-1.ffb-block-button-2-0.btn-base-brd-slide:hover{ background-color:#121e36;}.ffb-id-33dhfj9h .ffb-button1-1{ font-size: 14px !important;font-weight: 600 !important;}.ffb-id-33dhfj9h .ffb-button1-1 ,.ffb-id-33dhfj9h .ffb-button1-1:before,.ffb-id-33dhfj9h .ffb-button1-1:after,.ffb-id-33dhfj9h .ffb-button1-1:hover,.ffb-id-33dhfj9h .ffb-button1-1:focus,.ffb-id-33dhfj9h .ffb-button1-1 *,.ffb-id-33dhfj9h .ffb-button1-1 *:before,.ffb-id-33dhfj9h .ffb-button1-1 *:after,.ffb-id-33dhfj9h .ffb-button1-1 *:hover,.ffb-id-33dhfj9h .ffb-button1-1 *:focus{ font-size: 14px !important;font-weight: 600 !important;}.ffb-id-33dhfj9h{ padding-top: 15px;}.ffb-id-33dhfj9g{ margin-bottom: 0px;padding-right: 20px;padding-left: 20px;}.ffb-id-33dhfj9g{ font-size: 16px !important;}.ffb-id-33dhfj9g ,.ffb-id-33dhfj9g:before,.ffb-id-33dhfj9g:after,.ffb-id-33dhfj9g:hover,.ffb-id-33dhfj9g:focus,.ffb-id-33dhfj9g *,.ffb-id-33dhfj9g *:before,.ffb-id-33dhfj9g *:after,.ffb-id-33dhfj9g *:hover,.ffb-id-33dhfj9g *:focus{ font-size: 16px !important;}.ffb-id-33dhfj9f{ margin-top: 20px;}@media (min-width:992px) { .ffb-id-33dhfj9f{ margin-top: 0px;}}.ffb-id-33dhfj9f ,.ffb-id-33dhfj9f:before,.ffb-id-33dhfj9f:after,.ffb-id-33dhfj9f *,.ffb-id-33dhfj9f *:before,.ffb-id-33dhfj9f *:after{ color: #121f36 !important;}.ffb-id-33dhfj9f{ text-transform: uppercase !important;}.ffb-id-33dhfj9f:before,.ffb-id-33dhfj9f:after,.ffb-id-33dhfj9f:hover,.ffb-id-33dhfj9f:focus,.ffb-id-33dhfj9f *,.ffb-id-33dhfj9f *:before,.ffb-id-33dhfj9f *:after,.ffb-id-33dhfj9f *:hover,.ffb-id-33dhfj9f *:focus{ text-transform: uppercase !important;}.ffb-id-33dhfj9f{ font-size: 28px !important;font-weight: 600 !important;}.ffb-id-33dhfj9f ,.ffb-id-33dhfj9f:before,.ffb-id-33dhfj9f:after,.ffb-id-33dhfj9f:hover,.ffb-id-33dhfj9f:focus,.ffb-id-33dhfj9f *,.ffb-id-33dhfj9f *:before,.ffb-id-33dhfj9f *:after,.ffb-id-33dhfj9f *:hover,.ffb-id-33dhfj9f *:focus{ font-size: 28px !important;font-weight: 600 !important;}.ffb-id-33dhfj9e{ margin-bottom: 20px;}.ffb-id-33dhfj8m{ padding-bottom: 20px;}@media (min-width:992px) { .ffb-id-33dhfj8m{ padding-top: 20px;padding-right: 20px;padding-left: 20px;}}@media (min-width:992px) {  .ffb-id-33dhfj8m{ -webkit-box-shadow: 0px 3px 50px 0px rgba(0,0,0,0.07) !important;-moz-box-shadow: 0px 3px 50px 0px rgba(0,0,0,0.07) !important;-ms-box-shadow: 0px 3px 50px 0px rgba(0,0,0,0.07) !important;box-shadow: 0px 3px 50px 0px rgba(0,0,0,0.07) !important;}}@media (min-width:992px) {  .ffb-id-33dhfj8m:hover{ -webkit-box-shadow: 0px 3px 50px 0px rgba(0,0,0,0.2) !important;-moz-box-shadow: 0px 3px 50px 0px rgba(0,0,0,0.2) !important;-ms-box-shadow: 0px 3px 50px 0px rgba(0,0,0,0.2) !important;box-shadow: 0px 3px 50px 0px rgba(0,0,0,0.2) !important;}} .ffb-id-33dhfj8m{ -webkit-transition: box-shadow 0.3s ease-in-out !important;-ms-transition: box-shadow 0.3s ease-in-out !important;-moz-transition: box-shadow 0.3s ease-in-out !important;transition: box-shadow 0.3s ease-in-out !important;}.ffb-id-33di0b28 .ffb-button1-1.ffb-block-button-1-0.btn-base-brd-slide{ color:#ffffff;}.ffb-id-33di0b28 .ffb-button1-1.ffb-block-button-1-0.btn-base-brd-slide:hover{ color:#ffffff;}.ffb-id-33di0b28 .ffb-button1-1.ffb-block-button-1-0.btn-base-brd-slide{ border-color: transparent;}.ffb-id-33di0b28 .ffb-button1-1.ffb-block-button-1-0.btn-base-brd-slide:hover{ border-color: transparent;}.ffb-id-33di0b28 .ffb-button1-1.ffb-block-button-1-0.btn-base-brd-slide{ background-color:#b1013b;}.ffb-id-33di0b28 .ffb-button1-1.ffb-block-button-1-0.btn-base-brd-slide:hover{ background-color:#121e36;}.ffb-id-33di0b28 .ffb-button1-1{ font-size: 14px !important;font-weight: 600 !important;}.ffb-id-33di0b28 .ffb-button1-1 ,.ffb-id-33di0b28 .ffb-button1-1:before,.ffb-id-33di0b28 .ffb-button1-1:after,.ffb-id-33di0b28 .ffb-button1-1:hover,.ffb-id-33di0b28 .ffb-button1-1:focus,.ffb-id-33di0b28 .ffb-button1-1 *,.ffb-id-33di0b28 .ffb-button1-1 *:before,.ffb-id-33di0b28 .ffb-button1-1 *:after,.ffb-id-33di0b28 .ffb-button1-1 *:hover,.ffb-id-33di0b28 .ffb-button1-1 *:focus{ font-size: 14px !important;font-weight: 600 !important;}.ffb-id-33di0b28{ padding-top: 15px;}.ffb-id-33di0b28{ text-transform: uppercase !important;}.ffb-id-33di0b28:before,.ffb-id-33di0b28:after,.ffb-id-33di0b28:hover,.ffb-id-33di0b28:focus,.ffb-id-33di0b28 *,.ffb-id-33di0b28 *:before,.ffb-id-33di0b28 *:after,.ffb-id-33di0b28 *:hover,.ffb-id-33di0b28 *:focus{ text-transform: uppercase !important;}.ffb-id-33dhfj8t{ padding-right: 20px;padding-left: 20px;}.ffb-id-33dhfj8t ,.ffb-id-33dhfj8t:before,.ffb-id-33dhfj8t:after,.ffb-id-33dhfj8t *,.ffb-id-33dhfj8t *:before,.ffb-id-33dhfj8t *:after{ color: #121f36 !important;}.ffb-id-33dhfj8t{ font-size: 16px !important;}.ffb-id-33dhfj8t ,.ffb-id-33dhfj8t:before,.ffb-id-33dhfj8t:after,.ffb-id-33dhfj8t:hover,.ffb-id-33dhfj8t:focus,.ffb-id-33dhfj8t *,.ffb-id-33dhfj8t *:before,.ffb-id-33dhfj8t *:after,.ffb-id-33dhfj8t *:hover,.ffb-id-33dhfj8t *:focus{ font-size: 16px !important;}.ffb-id-33dhfj8s{ margin-top: 20px;}@media (min-width:992px) { .ffb-id-33dhfj8s{ margin-top: 0px;}}.ffb-id-33dhfj8s ,.ffb-id-33dhfj8s:before,.ffb-id-33dhfj8s:after,.ffb-id-33dhfj8s *,.ffb-id-33dhfj8s *:before,.ffb-id-33dhfj8s *:after{ color: #121f36 !important;}.ffb-id-33dhfj8s{ text-transform: uppercase !important;}.ffb-id-33dhfj8s:before,.ffb-id-33dhfj8s:after,.ffb-id-33dhfj8s:hover,.ffb-id-33dhfj8s:focus,.ffb-id-33dhfj8s *,.ffb-id-33dhfj8s *:before,.ffb-id-33dhfj8s *:after,.ffb-id-33dhfj8s *:hover,.ffb-id-33dhfj8s *:focus{ text-transform: uppercase !important;}.ffb-id-33dhfj8s{ font-size: 28px !important;font-weight: 600 !important;}.ffb-id-33dhfj8s ,.ffb-id-33dhfj8s:before,.ffb-id-33dhfj8s:after,.ffb-id-33dhfj8s:hover,.ffb-id-33dhfj8s:focus,.ffb-id-33dhfj8s *,.ffb-id-33dhfj8s *:before,.ffb-id-33dhfj8s *:after,.ffb-id-33dhfj8s *:hover,.ffb-id-33dhfj8s *:focus{ font-size: 28px !important;font-weight: 600 !important;}.ffb-id-33dhfj8r{ margin-bottom: 20px;}@media (min-width:992px) { .ffb-id-33dhfj8r{ padding-right: 55px;padding-left: 55px;}}<\/style><script type=\"text\/javascript\"><\/script>\n","protected":false},"excerpt":{"rendered":"","protected":false},"author":1,"featured_media":0,"parent":0,"menu_order":0,"comment_status":"closed","ping_status":"closed","template":"","meta":{"footnotes":""},"class_list":["post-2271","page","type-page","status-publish","hentry","post-wrapper"],"yoast_head":"<!-- This site is optimized with the Yoast SEO plugin v27.4 - https:\/\/yoast.com\/product\/yoast-seo-wordpress\/ -->\n<title>GICAT - GENERATE<\/title>\n<meta name=\"description\" content=\"Le Groupement des industries fran\u00e7aises de la d\u00e9fense et de la s\u00e9curit\u00e9 terrestres et a\u00e9roterrestres (GICAT) cr\u00e9\u00e9 en 1978, compte plus de 270 adh\u00e9rents ...\" \/>\n<meta name=\"robots\" content=\"index, follow, max-snippet:-1, max-image-preview:large, max-video-preview:-1\" \/>\n<link rel=\"canonical\" href=\"https:\/\/generate.fr\/presentation\/gicat\/\" \/>\n<meta property=\"og:locale\" content=\"en_US\" \/>\n<meta property=\"og:type\" content=\"article\" \/>\n<meta property=\"og:title\" content=\"GICAT - GENERATE\" \/>\n<meta property=\"og:description\" content=\"Le Groupement des industries fran\u00e7aises de la d\u00e9fense et de la s\u00e9curit\u00e9 terrestres et a\u00e9roterrestres (GICAT) cr\u00e9\u00e9 en 1978, compte plus de 270 adh\u00e9rents ...\" \/>\n<meta property=\"og:url\" content=\"https:\/\/generate.fr\/presentation\/gicat\/\" \/>\n<meta property=\"og:site_name\" content=\"GENERATE\" \/>\n<meta property=\"article:modified_time\" content=\"2019-10-07T11:48:41+00:00\" \/>\n<meta property=\"og:image\" content=\"https:\/\/generate.fr\/wp-content\/uploads\/2019\/07\/generateFacebook.jpg\" \/>\n\t<meta property=\"og:image:width\" content=\"500\" \/>\n\t<meta property=\"og:image:height\" content=\"261\" \/>\n\t<meta property=\"og:image:type\" content=\"image\/jpeg\" \/>\n<meta name=\"twitter:card\" content=\"summary_large_image\" \/>\n<meta name=\"twitter:label1\" content=\"Est. reading time\" \/>\n\t<meta name=\"twitter:data1\" content=\"10 minutes\" \/>\n<script type=\"application\/ld+json\" class=\"yoast-schema-graph\">{\"@context\":\"https:\\\/\\\/schema.org\",\"@graph\":[{\"@type\":\"WebPage\",\"@id\":\"https:\\\/\\\/generate.fr\\\/presentation\\\/gicat\\\/\",\"url\":\"https:\\\/\\\/generate.fr\\\/presentation\\\/gicat\\\/\",\"name\":\"GICAT - GENERATE\",\"isPartOf\":{\"@id\":\"https:\\\/\\\/generate.fr\\\/#website\"},\"datePublished\":\"2019-05-03T13:30:07+00:00\",\"dateModified\":\"2019-10-07T11:48:41+00:00\",\"description\":\"Le Groupement des industries fran\u00e7aises de la d\u00e9fense et de la s\u00e9curit\u00e9 terrestres et a\u00e9roterrestres (GICAT) cr\u00e9\u00e9 en 1978, compte plus de 270 adh\u00e9rents ...\",\"breadcrumb\":{\"@id\":\"https:\\\/\\\/generate.fr\\\/presentation\\\/gicat\\\/#breadcrumb\"},\"inLanguage\":\"en-US\",\"potentialAction\":[{\"@type\":\"ReadAction\",\"target\":[\"https:\\\/\\\/generate.fr\\\/presentation\\\/gicat\\\/\"]}]},{\"@type\":\"BreadcrumbList\",\"@id\":\"https:\\\/\\\/generate.fr\\\/presentation\\\/gicat\\\/#breadcrumb\",\"itemListElement\":[{\"@type\":\"ListItem\",\"position\":1,\"name\":\"Accueil\",\"item\":\"https:\\\/\\\/generate.fr\\\/\"},{\"@type\":\"ListItem\",\"position\":2,\"name\":\"GICAT\"}]},{\"@type\":\"WebSite\",\"@id\":\"https:\\\/\\\/generate.fr\\\/#website\",\"url\":\"https:\\\/\\\/generate.fr\\\/\",\"name\":\"GENERATE\",\"description\":\"Acc\u00e9l\u00e9rateur d&#039;innovation pour la D\u00e9fense et la S\u00e9curit\u00e9\",\"publisher\":{\"@id\":\"https:\\\/\\\/generate.fr\\\/#organization\"},\"potentialAction\":[{\"@type\":\"SearchAction\",\"target\":{\"@type\":\"EntryPoint\",\"urlTemplate\":\"https:\\\/\\\/generate.fr\\\/?s={search_term_string}\"},\"query-input\":{\"@type\":\"PropertyValueSpecification\",\"valueRequired\":true,\"valueName\":\"search_term_string\"}}],\"inLanguage\":\"en-US\"},{\"@type\":\"Organization\",\"@id\":\"https:\\\/\\\/generate.fr\\\/#organization\",\"name\":\"Generate\",\"url\":\"https:\\\/\\\/generate.fr\\\/\",\"logo\":{\"@type\":\"ImageObject\",\"inLanguage\":\"en-US\",\"@id\":\"https:\\\/\\\/generate.fr\\\/#\\\/schema\\\/logo\\\/image\\\/\",\"url\":\"https:\\\/\\\/generate.fr\\\/wp-content\\\/uploads\\\/2019\\\/05\\\/Generate.png\",\"contentUrl\":\"https:\\\/\\\/generate.fr\\\/wp-content\\\/uploads\\\/2019\\\/05\\\/Generate.png\",\"width\":1000,\"height\":316,\"caption\":\"Generate\"},\"image\":{\"@id\":\"https:\\\/\\\/generate.fr\\\/#\\\/schema\\\/logo\\\/image\\\/\"},\"sameAs\":[\"https:\\\/\\\/www.youtube.com\\\/channel\\\/UCsoYfr1MZdZT2bqI7CNN1Rw\"]}]}<\/script>\n<!-- \/ Yoast SEO plugin. -->","yoast_head_json":{"title":"GICAT - GENERATE","description":"Le Groupement des industries fran\u00e7aises de la d\u00e9fense et de la s\u00e9curit\u00e9 terrestres et a\u00e9roterrestres (GICAT) cr\u00e9\u00e9 en 1978, compte plus de 270 adh\u00e9rents ...","robots":{"index":"index","follow":"follow","max-snippet":"max-snippet:-1","max-image-preview":"max-image-preview:large","max-video-preview":"max-video-preview:-1"},"canonical":"https:\/\/generate.fr\/presentation\/gicat\/","og_locale":"en_US","og_type":"article","og_title":"GICAT - GENERATE","og_description":"Le Groupement des industries fran\u00e7aises de la d\u00e9fense et de la s\u00e9curit\u00e9 terrestres et a\u00e9roterrestres (GICAT) cr\u00e9\u00e9 en 1978, compte plus de 270 adh\u00e9rents ...","og_url":"https:\/\/generate.fr\/presentation\/gicat\/","og_site_name":"GENERATE","article_modified_time":"2019-10-07T11:48:41+00:00","og_image":[{"width":500,"height":261,"url":"https:\/\/generate.fr\/wp-content\/uploads\/2019\/07\/generateFacebook.jpg","type":"image\/jpeg"}],"twitter_card":"summary_large_image","twitter_misc":{"Est. reading time":"10 minutes"},"schema":{"@context":"https:\/\/schema.org","@graph":[{"@type":"WebPage","@id":"https:\/\/generate.fr\/presentation\/gicat\/","url":"https:\/\/generate.fr\/presentation\/gicat\/","name":"GICAT - GENERATE","isPartOf":{"@id":"https:\/\/generate.fr\/#website"},"datePublished":"2019-05-03T13:30:07+00:00","dateModified":"2019-10-07T11:48:41+00:00","description":"Le Groupement des industries fran\u00e7aises de la d\u00e9fense et de la s\u00e9curit\u00e9 terrestres et a\u00e9roterrestres (GICAT) cr\u00e9\u00e9 en 1978, compte plus de 270 adh\u00e9rents ...","breadcrumb":{"@id":"https:\/\/generate.fr\/presentation\/gicat\/#breadcrumb"},"inLanguage":"en-US","potentialAction":[{"@type":"ReadAction","target":["https:\/\/generate.fr\/presentation\/gicat\/"]}]},{"@type":"BreadcrumbList","@id":"https:\/\/generate.fr\/presentation\/gicat\/#breadcrumb","itemListElement":[{"@type":"ListItem","position":1,"name":"Accueil","item":"https:\/\/generate.fr\/"},{"@type":"ListItem","position":2,"name":"GICAT"}]},{"@type":"WebSite","@id":"https:\/\/generate.fr\/#website","url":"https:\/\/generate.fr\/","name":"GENERATE","description":"Acc\u00e9l\u00e9rateur d&#039;innovation pour la D\u00e9fense et la S\u00e9curit\u00e9","publisher":{"@id":"https:\/\/generate.fr\/#organization"},"potentialAction":[{"@type":"SearchAction","target":{"@type":"EntryPoint","urlTemplate":"https:\/\/generate.fr\/?s={search_term_string}"},"query-input":{"@type":"PropertyValueSpecification","valueRequired":true,"valueName":"search_term_string"}}],"inLanguage":"en-US"},{"@type":"Organization","@id":"https:\/\/generate.fr\/#organization","name":"Generate","url":"https:\/\/generate.fr\/","logo":{"@type":"ImageObject","inLanguage":"en-US","@id":"https:\/\/generate.fr\/#\/schema\/logo\/image\/","url":"https:\/\/generate.fr\/wp-content\/uploads\/2019\/05\/Generate.png","contentUrl":"https:\/\/generate.fr\/wp-content\/uploads\/2019\/05\/Generate.png","width":1000,"height":316,"caption":"Generate"},"image":{"@id":"https:\/\/generate.fr\/#\/schema\/logo\/image\/"},"sameAs":["https:\/\/www.youtube.com\/channel\/UCsoYfr1MZdZT2bqI7CNN1Rw"]}]}},"_links":{"self":[{"href":"https:\/\/generate.fr\/en\/wp-json\/wp\/v2\/pages\/2271","targetHints":{"allow":["GET"]}}],"collection":[{"href":"https:\/\/generate.fr\/en\/wp-json\/wp\/v2\/pages"}],"about":[{"href":"https:\/\/generate.fr\/en\/wp-json\/wp\/v2\/types\/page"}],"author":[{"embeddable":true,"href":"https:\/\/generate.fr\/en\/wp-json\/wp\/v2\/users\/1"}],"replies":[{"embeddable":true,"href":"https:\/\/generate.fr\/en\/wp-json\/wp\/v2\/comments?post=2271"}],"version-history":[{"count":4,"href":"https:\/\/generate.fr\/en\/wp-json\/wp\/v2\/pages\/2271\/revisions"}],"predecessor-version":[{"id":2276,"href":"https:\/\/generate.fr\/en\/wp-json\/wp\/v2\/pages\/2271\/revisions\/2276"}],"wp:attachment":[{"href":"https:\/\/generate.fr\/en\/wp-json\/wp\/v2\/media?parent=2271"}],"curies":[{"name":"wp","href":"https:\/\/api.w.org\/{rel}","templated":true}]}}