{"id":2293,"date":"2019-05-03T13:36:03","date_gmt":"2019-05-03T13:36:03","guid":{"rendered":"https:\/\/generate.fr\/candidater\/"},"modified":"2019-10-15T09:47:31","modified_gmt":"2019-10-15T09:47:31","slug":"join-us","status":"publish","type":"page","link":"https:\/\/generate.fr\/en\/join-us\/","title":{"rendered":"Join us"},"content":{"rendered":"<p><section class=\"ffb-id-33d49743 fg-section fg-text-dark\"><div class=\"fg-container container fg-container-large fg-container-lvl--1 fg-container-no-padding\"><div class=\"fg-row row    fg-row-match-cols\"  data-fg-match-cols=\"{&quot;1&quot;:&quot;1&quot;,&quot;2&quot;:&quot;1&quot;,&quot;3&quot;:&quot;1&quot;,&quot;4&quot;:&quot;1&quot;}\" ><div class=\"ffb-id-33d49744 fg-col col-xs-12 col-md-4 col-lg-6 fg-text-dark\" data-fg-wow=\"fadeInLeft\" data-wow-duration=\"2s\"><div class=\"fg-vcenter-wrapper\"><div class=\"fg-vcenter\"><div class=\"fg-match-column-inside-wrapper\"><div class=\"ffb-id-33d4974e fg-wrapper fg-el-has-bg fg-text-dark\"><span class=\"fg-bg\"><span data-fg-bg=\"{&quot;type&quot;:&quot;color&quot;,&quot;opacity&quot;:1,&quot;color&quot;:&quot;#ffffff&quot;}\" class=\"fg-bg-layer fg-bg-type-color \" style=\"opacity: 1; background-color: #ffffff;\"><\/span><\/span><a class=\"ffb-id-33d4974j responsive-image-wrapper fg-text-dark\" href=\"https:\/\/generate.fr\/presentation\/gicat\/\"><img decoding=\"async\"  class=\"fg-image  img-responsive full-width\"  src=\"https:\/\/generate.fr\/wp-content\/uploads\/2019\/06\/1_lvCeqElWLCtnt1Z54-o2tw.png\"  alt=\"1_lvCeqElWLCtnt1Z54-o2tw\"  title=\"\"   =\"\" ><\/a><h2 class=\"ffb-id-33d4974k fg-heading text-center    fg-text-dark\"><\/p>\n<p>A selective programme<\/p>\n<p><\/h2><div class=\"ffb-id-33d4974l fg-paragraph ff-richtext text-center    fg-text-dark\"><\/p>\n<p>With its success and solid reputation, GENERATE is attracting more and more young gems to join us.<\/p>\n<p>A figure that testifies to this: for the 28 successful candidates, more than 130 candidates were considered by our teams and a jury of professionals from the sector.<\/p>\n<p><\/div><\/div><\/div><\/div><\/div><\/div><div class=\"ffb-id-33d4975t fg-col col-xs-12 col-md-4 col-lg-6 fg-text-dark\" data-fg-wow=\"fadeInLeft\" data-wow-duration=\"2s\"><div class=\"fg-vcenter-wrapper\"><div class=\"fg-vcenter\"><div class=\"fg-match-column-inside-wrapper\"><div class=\"ffb-id-33d49767 fg-wrapper fg-el-has-bg fg-text-dark\"><span class=\"fg-bg\"><span data-fg-bg=\"{&quot;type&quot;:&quot;color&quot;,&quot;opacity&quot;:1,&quot;color&quot;:&quot;#ffffff&quot;}\" class=\"fg-bg-layer fg-bg-type-color \" style=\"opacity: 1; background-color: #ffffff;\"><\/span><\/span><a class=\"ffb-id-33d4976c responsive-image-wrapper fg-text-dark\" href=\"https:\/\/generate.fr\/presentation\/gicat\/\"><img decoding=\"async\"  class=\"fg-image  img-responsive full-width\"  src=\"https:\/\/generate.fr\/wp-content\/uploads\/2019\/06\/Capture-d\u2019e\u0301cran-2019-06-09-a\u0300-19.39.45.png\"  alt=\"Capture d\u2019e\u0301cran 2019-06-09 a\u0300 19.39.45\"  title=\"\"   =\"\" ><\/a><h2 class=\"ffb-id-33d4976d fg-heading text-center    fg-text-dark\"><\/p>\n<p>Want to join the GENERATE program?<\/p>\n<p><\/h2><div class=\"ffb-id-33d4976e fg-paragraph ff-richtext text-center    listeStylisee fg-text-dark\"><\/p>\n<p>The basic conditions to be met before applying:<\/p>\n<ul>\n<li>Be a company under French law<\/li>\n<li>Have a lesser legal existence or an interest in defence less than three years<\/li>\n<li>Have an innovation (software, hardware or service) of interest for defence and\/or security<\/li>\n<\/ul>\n<p>If you meet these criteria, do not hesitate to send us an email at: <a href=\"mailto:contact@generate.fr\" target=\"_blank\" rel=\"noopener noreferrer\">contact@generate.fr<\/a><\/p>\n<p><\/div><\/div><\/div><\/div><\/div><\/div><\/div><\/div><\/section><style>.ffb-id-33d49767{ padding-bottom: 20px;}@media (min-width:992px) { .ffb-id-33d49767{ padding-top: 20px;padding-right: 20px;padding-left: 20px;}}@media (min-width:992px) {  .ffb-id-33d49767{ -webkit-box-shadow: 0px 3px 50px 0px rgba(0,0,0,0.07) !important;-moz-box-shadow: 0px 3px 50px 0px rgba(0,0,0,0.07) !important;-ms-box-shadow: 0px 3px 50px 0px rgba(0,0,0,0.07) !important;box-shadow: 0px 3px 50px 0px rgba(0,0,0,0.07) !important;}}@media (min-width:992px) {  .ffb-id-33d49767:hover{ -webkit-box-shadow: 0px 3px 50px 0px rgba(0,0,0,0.2) !important;-moz-box-shadow: 0px 3px 50px 0px rgba(0,0,0,0.2) !important;-ms-box-shadow: 0px 3px 50px 0px rgba(0,0,0,0.2) !important;box-shadow: 0px 3px 50px 0px rgba(0,0,0,0.2) !important;}} .ffb-id-33d49767{ -webkit-transition: box-shadow 0.3s ease-in-out !important;-ms-transition: box-shadow 0.3s ease-in-out !important;-moz-transition: box-shadow 0.3s ease-in-out !important;transition: box-shadow 0.3s ease-in-out !important;}.ffb-id-33d4976e{ margin-bottom: 0px;padding-right: 20px;padding-left: 20px;}.ffb-id-33d4976e{ font-size: 16px !important;}.ffb-id-33d4976e ,.ffb-id-33d4976e:before,.ffb-id-33d4976e:after,.ffb-id-33d4976e:hover,.ffb-id-33d4976e:focus,.ffb-id-33d4976e *,.ffb-id-33d4976e *:before,.ffb-id-33d4976e *:after,.ffb-id-33d4976e *:hover,.ffb-id-33d4976e *:focus{ font-size: 16px !important;}.ffb-id-33d4976d{ margin-top: 20px;}@media (min-width:992px) { .ffb-id-33d4976d{ margin-top: 0px;}}.ffb-id-33d4976d ,.ffb-id-33d4976d:before,.ffb-id-33d4976d:after,.ffb-id-33d4976d *,.ffb-id-33d4976d *:before,.ffb-id-33d4976d *:after{ color: #121f36 !important;}.ffb-id-33d4976d{ text-transform: uppercase !important;}.ffb-id-33d4976d:before,.ffb-id-33d4976d:after,.ffb-id-33d4976d:hover,.ffb-id-33d4976d:focus,.ffb-id-33d4976d *,.ffb-id-33d4976d *:before,.ffb-id-33d4976d *:after,.ffb-id-33d4976d *:hover,.ffb-id-33d4976d *:focus{ text-transform: uppercase !important;}.ffb-id-33d4976d{ font-size: 28px !important;font-weight: 600 !important;}.ffb-id-33d4976d ,.ffb-id-33d4976d:before,.ffb-id-33d4976d:after,.ffb-id-33d4976d:hover,.ffb-id-33d4976d:focus,.ffb-id-33d4976d *,.ffb-id-33d4976d *:before,.ffb-id-33d4976d *:after,.ffb-id-33d4976d *:hover,.ffb-id-33d4976d *:focus{ font-size: 28px !important;font-weight: 600 !important;}.ffb-id-33d4976c{ margin-bottom: 20px;}.ffb-id-33d4974e{ padding-bottom: 20px;}@media (min-width:992px) { .ffb-id-33d4974e{ padding-top: 20px;padding-right: 20px;padding-left: 20px;}}@media (min-width:992px) {  .ffb-id-33d4974e{ -webkit-box-shadow: 0px 3px 50px 0px rgba(0,0,0,0.07) !important;-moz-box-shadow: 0px 3px 50px 0px rgba(0,0,0,0.07) !important;-ms-box-shadow: 0px 3px 50px 0px rgba(0,0,0,0.07) !important;box-shadow: 0px 3px 50px 0px rgba(0,0,0,0.07) !important;}}@media (min-width:992px) {  .ffb-id-33d4974e:hover{ -webkit-box-shadow: 0px 3px 50px 0px rgba(0,0,0,0.2) !important;-moz-box-shadow: 0px 3px 50px 0px rgba(0,0,0,0.2) !important;-ms-box-shadow: 0px 3px 50px 0px rgba(0,0,0,0.2) !important;box-shadow: 0px 3px 50px 0px rgba(0,0,0,0.2) !important;}} .ffb-id-33d4974e{ -webkit-transition: box-shadow 0.3s ease-in-out !important;-ms-transition: box-shadow 0.3s ease-in-out !important;-moz-transition: box-shadow 0.3s ease-in-out !important;transition: box-shadow 0.3s ease-in-out !important;}.ffb-id-33d4974l{ padding-right: 20px;padding-left: 20px;}.ffb-id-33d4974l ,.ffb-id-33d4974l:before,.ffb-id-33d4974l:after,.ffb-id-33d4974l *,.ffb-id-33d4974l *:before,.ffb-id-33d4974l *:after{ color: #121f36 !important;}.ffb-id-33d4974l{ font-size: 16px !important;}.ffb-id-33d4974l ,.ffb-id-33d4974l:before,.ffb-id-33d4974l:after,.ffb-id-33d4974l:hover,.ffb-id-33d4974l:focus,.ffb-id-33d4974l *,.ffb-id-33d4974l *:before,.ffb-id-33d4974l *:after,.ffb-id-33d4974l *:hover,.ffb-id-33d4974l *:focus{ font-size: 16px !important;}.ffb-id-33d4974k{ margin-top: 20px;}@media (min-width:992px) { .ffb-id-33d4974k{ margin-top: 0px;}}.ffb-id-33d4974k ,.ffb-id-33d4974k:before,.ffb-id-33d4974k:after,.ffb-id-33d4974k *,.ffb-id-33d4974k *:before,.ffb-id-33d4974k *:after{ color: #121f36 !important;}.ffb-id-33d4974k{ text-transform: uppercase !important;}.ffb-id-33d4974k:before,.ffb-id-33d4974k:after,.ffb-id-33d4974k:hover,.ffb-id-33d4974k:focus,.ffb-id-33d4974k *,.ffb-id-33d4974k *:before,.ffb-id-33d4974k *:after,.ffb-id-33d4974k *:hover,.ffb-id-33d4974k *:focus{ text-transform: uppercase !important;}.ffb-id-33d4974k{ font-size: 28px !important;font-weight: 600 !important;}.ffb-id-33d4974k ,.ffb-id-33d4974k:before,.ffb-id-33d4974k:after,.ffb-id-33d4974k:hover,.ffb-id-33d4974k:focus,.ffb-id-33d4974k *,.ffb-id-33d4974k *:before,.ffb-id-33d4974k *:after,.ffb-id-33d4974k *:hover,.ffb-id-33d4974k *:focus{ font-size: 28px !important;font-weight: 600 !important;}.ffb-id-33d4974j{ margin-bottom: 20px;}<\/style><script type=\"text\/javascript\"><\/script><style>.ffb-id-33d49767{ \npadding-bottom: 20px;\n\n}\n@media (min-width:992px) { \n.ffb-id-33d49767{ \npadding-top: 20px;\npadding-right: 20px;\npadding-left: 20px;\n\n}\n}@media (min-width:992px) { \n .ffb-id-33d49767{ \n-webkit-box-shadow: 0px 3px 50px 0px rgba(0,0,0,0.07) !important;\n-moz-box-shadow: 0px 3px 50px 0px rgba(0,0,0,0.07) !important;\n-ms-box-shadow: 0px 3px 50px 0px rgba(0,0,0,0.07) !important;\nbox-shadow: 0px 3px 50px 0px rgba(0,0,0,0.07) !important;\n}\n}@media (min-width:992px) { \n .ffb-id-33d49767:hover{ \n-webkit-box-shadow: 0px 3px 50px 0px rgba(0,0,0,0.2) !important;\n-moz-box-shadow: 0px 3px 50px 0px rgba(0,0,0,0.2) !important;\n-ms-box-shadow: 0px 3px 50px 0px rgba(0,0,0,0.2) !important;\nbox-shadow: 0px 3px 50px 0px rgba(0,0,0,0.2) !important;\n}\n} .ffb-id-33d49767{ \n-webkit-transition: box-shadow 0.3s ease-in-out !important;\n-ms-transition: box-shadow 0.3s ease-in-out !important;\n-moz-transition: box-shadow 0.3s ease-in-out !important;\ntransition: box-shadow 0.3s ease-in-out !important;\n}\n.ffb-id-33d4976e{ \nmargin-bottom: 0px;\npadding-right: 20px;\npadding-left: 20px;\n\n}\n.ffb-id-33d4976e{ \nfont-size: 16px !important;\n}\n.ffb-id-33d4976e ,\n.ffb-id-33d4976e:before,\n.ffb-id-33d4976e:after,\n.ffb-id-33d4976e:hover,\n.ffb-id-33d4976e:focus,\n.ffb-id-33d4976e *,\n.ffb-id-33d4976e *:before,\n.ffb-id-33d4976e *:after,\n.ffb-id-33d4976e *:hover,\n.ffb-id-33d4976e *:focus{ \nfont-size: 16px !important;\n}\n.ffb-id-33d4976d{ \nmargin-top: 20px;\n\n}\n@media (min-width:992px) { \n.ffb-id-33d4976d{ \nmargin-top: 0px;\n\n}\n}.ffb-id-33d4976d ,\n.ffb-id-33d4976d:before,\n.ffb-id-33d4976d:after,\n.ffb-id-33d4976d *,\n.ffb-id-33d4976d *:before,\n.ffb-id-33d4976d *:after{ \ncolor: #121f36 !important;\n}\n.ffb-id-33d4976d{ \ntext-transform: uppercase !important;\n}\n.ffb-id-33d4976d:before,\n.ffb-id-33d4976d:after,\n.ffb-id-33d4976d:hover,\n.ffb-id-33d4976d:focus,\n.ffb-id-33d4976d *,\n.ffb-id-33d4976d *:before,\n.ffb-id-33d4976d *:after,\n.ffb-id-33d4976d *:hover,\n.ffb-id-33d4976d *:focus{ \ntext-transform: uppercase !important;\n}\n.ffb-id-33d4976d{ \nfont-size: 28px !important;\nfont-weight: 600 !important;\n}\n.ffb-id-33d4976d ,\n.ffb-id-33d4976d:before,\n.ffb-id-33d4976d:after,\n.ffb-id-33d4976d:hover,\n.ffb-id-33d4976d:focus,\n.ffb-id-33d4976d *,\n.ffb-id-33d4976d *:before,\n.ffb-id-33d4976d *:after,\n.ffb-id-33d4976d *:hover,\n.ffb-id-33d4976d *:focus{ \nfont-size: 28px !important;\nfont-weight: 600 !important;\n}\n.ffb-id-33d4976c{ \nmargin-bottom: 20px;\n\n}\n.ffb-id-33d4974e{ \npadding-bottom: 20px;\n\n}\n@media (min-width:992px) { \n.ffb-id-33d4974e{ \npadding-top: 20px;\npadding-right: 20px;\npadding-left: 20px;\n\n}\n}@media (min-width:992px) { \n .ffb-id-33d4974e{ \n-webkit-box-shadow: 0px 3px 50px 0px rgba(0,0,0,0.07) !important;\n-moz-box-shadow: 0px 3px 50px 0px rgba(0,0,0,0.07) !important;\n-ms-box-shadow: 0px 3px 50px 0px rgba(0,0,0,0.07) !important;\nbox-shadow: 0px 3px 50px 0px rgba(0,0,0,0.07) !important;\n}\n}@media (min-width:992px) { \n .ffb-id-33d4974e:hover{ \n-webkit-box-shadow: 0px 3px 50px 0px rgba(0,0,0,0.2) !important;\n-moz-box-shadow: 0px 3px 50px 0px rgba(0,0,0,0.2) !important;\n-ms-box-shadow: 0px 3px 50px 0px rgba(0,0,0,0.2) !important;\nbox-shadow: 0px 3px 50px 0px rgba(0,0,0,0.2) !important;\n}\n} .ffb-id-33d4974e{ \n-webkit-transition: box-shadow 0.3s ease-in-out !important;\n-ms-transition: box-shadow 0.3s ease-in-out !important;\n-moz-transition: box-shadow 0.3s ease-in-out !important;\ntransition: box-shadow 0.3s ease-in-out !important;\n}\n.ffb-id-33d4974l{ \npadding-right: 20px;\npadding-left: 20px;\n\n}\n.ffb-id-33d4974l ,\n.ffb-id-33d4974l:before,\n.ffb-id-33d4974l:after,\n.ffb-id-33d4974l *,\n.ffb-id-33d4974l *:before,\n.ffb-id-33d4974l *:after{ \ncolor: #121f36 !important;\n}\n.ffb-id-33d4974l{ \nfont-size: 16px !important;\n}\n.ffb-id-33d4974l ,\n.ffb-id-33d4974l:before,\n.ffb-id-33d4974l:after,\n.ffb-id-33d4974l:hover,\n.ffb-id-33d4974l:focus,\n.ffb-id-33d4974l *,\n.ffb-id-33d4974l *:before,\n.ffb-id-33d4974l *:after,\n.ffb-id-33d4974l *:hover,\n.ffb-id-33d4974l *:focus{ \nfont-size: 16px !important;\n}\n.ffb-id-33d4974k{ \nmargin-top: 20px;\n\n}\n@media (min-width:992px) { \n.ffb-id-33d4974k{ \nmargin-top: 0px;\n\n}\n}.ffb-id-33d4974k ,\n.ffb-id-33d4974k:before,\n.ffb-id-33d4974k:after,\n.ffb-id-33d4974k *,\n.ffb-id-33d4974k *:before,\n.ffb-id-33d4974k *:after{ \ncolor: #121f36 !important;\n}\n.ffb-id-33d4974k{ \ntext-transform: uppercase !important;\n}\n.ffb-id-33d4974k:before,\n.ffb-id-33d4974k:after,\n.ffb-id-33d4974k:hover,\n.ffb-id-33d4974k:focus,\n.ffb-id-33d4974k *,\n.ffb-id-33d4974k *:before,\n.ffb-id-33d4974k *:after,\n.ffb-id-33d4974k *:hover,\n.ffb-id-33d4974k *:focus{ \ntext-transform: uppercase !important;\n}\n.ffb-id-33d4974k{ \nfont-size: 28px !important;\nfont-weight: 600 !important;\n}\n.ffb-id-33d4974k ,\n.ffb-id-33d4974k:before,\n.ffb-id-33d4974k:after,\n.ffb-id-33d4974k:hover,\n.ffb-id-33d4974k:focus,\n.ffb-id-33d4974k *,\n.ffb-id-33d4974k *:before,\n.ffb-id-33d4974k *:after,\n.ffb-id-33d4974k *:hover,\n.ffb-id-33d4974k *:focus{ \nfont-size: 28px !important;\nfont-weight: 600 !important;\n}\n.ffb-id-33d4974j{ \nmargin-bottom: 20px;\n\n}\n<\/style><script type=\"text\/javascript\"><\/script><\/p>\n","protected":false},"excerpt":{"rendered":"","protected":false},"author":1,"featured_media":0,"parent":0,"menu_order":0,"comment_status":"closed","ping_status":"closed","template":"","meta":{"footnotes":""},"class_list":["post-2293","page","type-page","status-publish","hentry","post-wrapper"],"yoast_head":"<!-- This site is optimized with the Yoast SEO plugin v27.4 - https:\/\/yoast.com\/product\/yoast-seo-wordpress\/ -->\n<title>Join us - GENERATE<\/title>\n<meta name=\"description\" content=\"Un chiffre en t\u00e9moigne : pour les 28 heureux \u00e9lus, c\u2019est plus de 130 candidatures qui ont \u00e9t\u00e9 \u00e9tudi\u00e9es par nos \u00e9quipes et un jury de professionnels ...\" \/>\n<meta name=\"robots\" content=\"index, follow, max-snippet:-1, max-image-preview:large, max-video-preview:-1\" \/>\n<link rel=\"canonical\" href=\"https:\/\/generate.fr\/presentation\/candidater\/\" \/>\n<meta property=\"og:locale\" content=\"en_US\" \/>\n<meta property=\"og:type\" content=\"article\" \/>\n<meta property=\"og:title\" content=\"Join us - GENERATE\" \/>\n<meta property=\"og:description\" content=\"Un chiffre en t\u00e9moigne : pour les 28 heureux \u00e9lus, c\u2019est plus de 130 candidatures qui ont \u00e9t\u00e9 \u00e9tudi\u00e9es par nos \u00e9quipes et un jury de professionnels ...\" \/>\n<meta property=\"og:url\" content=\"https:\/\/generate.fr\/presentation\/candidater\/\" \/>\n<meta property=\"og:site_name\" content=\"GENERATE\" \/>\n<meta property=\"article:modified_time\" content=\"2019-10-15T09:47:31+00:00\" \/>\n<meta property=\"og:image\" content=\"https:\/\/generate.fr\/wp-content\/uploads\/2019\/07\/generateFacebook.jpg\" \/>\n\t<meta property=\"og:image:width\" content=\"500\" \/>\n\t<meta property=\"og:image:height\" content=\"261\" \/>\n\t<meta property=\"og:image:type\" content=\"image\/jpeg\" \/>\n<meta name=\"twitter:card\" content=\"summary_large_image\" \/>\n<meta name=\"twitter:label1\" content=\"Est. reading time\" \/>\n\t<meta name=\"twitter:data1\" content=\"11 minutes\" \/>\n<script type=\"application\/ld+json\" class=\"yoast-schema-graph\">{\"@context\":\"https:\\\/\\\/schema.org\",\"@graph\":[{\"@type\":\"WebPage\",\"@id\":\"https:\\\/\\\/generate.fr\\\/presentation\\\/candidater\\\/\",\"url\":\"https:\\\/\\\/generate.fr\\\/presentation\\\/candidater\\\/\",\"name\":\"Join us - GENERATE\",\"isPartOf\":{\"@id\":\"https:\\\/\\\/generate.fr\\\/#website\"},\"datePublished\":\"2019-05-03T13:36:03+00:00\",\"dateModified\":\"2019-10-15T09:47:31+00:00\",\"description\":\"Un chiffre en t\u00e9moigne : pour les 28 heureux \u00e9lus, c\u2019est plus de 130 candidatures qui ont \u00e9t\u00e9 \u00e9tudi\u00e9es par nos \u00e9quipes et un jury de professionnels ...\",\"breadcrumb\":{\"@id\":\"https:\\\/\\\/generate.fr\\\/presentation\\\/candidater\\\/#breadcrumb\"},\"inLanguage\":\"en-US\",\"potentialAction\":[{\"@type\":\"ReadAction\",\"target\":[\"https:\\\/\\\/generate.fr\\\/presentation\\\/candidater\\\/\"]}]},{\"@type\":\"BreadcrumbList\",\"@id\":\"https:\\\/\\\/generate.fr\\\/presentation\\\/candidater\\\/#breadcrumb\",\"itemListElement\":[{\"@type\":\"ListItem\",\"position\":1,\"name\":\"Accueil\",\"item\":\"https:\\\/\\\/generate.fr\\\/\"},{\"@type\":\"ListItem\",\"position\":2,\"name\":\"Join us\"}]},{\"@type\":\"WebSite\",\"@id\":\"https:\\\/\\\/generate.fr\\\/#website\",\"url\":\"https:\\\/\\\/generate.fr\\\/\",\"name\":\"GENERATE\",\"description\":\"Acc\u00e9l\u00e9rateur d&#039;innovation pour la D\u00e9fense et la S\u00e9curit\u00e9\",\"publisher\":{\"@id\":\"https:\\\/\\\/generate.fr\\\/#organization\"},\"potentialAction\":[{\"@type\":\"SearchAction\",\"target\":{\"@type\":\"EntryPoint\",\"urlTemplate\":\"https:\\\/\\\/generate.fr\\\/?s={search_term_string}\"},\"query-input\":{\"@type\":\"PropertyValueSpecification\",\"valueRequired\":true,\"valueName\":\"search_term_string\"}}],\"inLanguage\":\"en-US\"},{\"@type\":\"Organization\",\"@id\":\"https:\\\/\\\/generate.fr\\\/#organization\",\"name\":\"Generate\",\"url\":\"https:\\\/\\\/generate.fr\\\/\",\"logo\":{\"@type\":\"ImageObject\",\"inLanguage\":\"en-US\",\"@id\":\"https:\\\/\\\/generate.fr\\\/#\\\/schema\\\/logo\\\/image\\\/\",\"url\":\"https:\\\/\\\/generate.fr\\\/wp-content\\\/uploads\\\/2019\\\/05\\\/Generate.png\",\"contentUrl\":\"https:\\\/\\\/generate.fr\\\/wp-content\\\/uploads\\\/2019\\\/05\\\/Generate.png\",\"width\":1000,\"height\":316,\"caption\":\"Generate\"},\"image\":{\"@id\":\"https:\\\/\\\/generate.fr\\\/#\\\/schema\\\/logo\\\/image\\\/\"},\"sameAs\":[\"https:\\\/\\\/www.youtube.com\\\/channel\\\/UCsoYfr1MZdZT2bqI7CNN1Rw\"]}]}<\/script>\n<!-- \/ Yoast SEO plugin. -->","yoast_head_json":{"title":"Join us - GENERATE","description":"Un chiffre en t\u00e9moigne : pour les 28 heureux \u00e9lus, c\u2019est plus de 130 candidatures qui ont \u00e9t\u00e9 \u00e9tudi\u00e9es par nos \u00e9quipes et un jury de professionnels ...","robots":{"index":"index","follow":"follow","max-snippet":"max-snippet:-1","max-image-preview":"max-image-preview:large","max-video-preview":"max-video-preview:-1"},"canonical":"https:\/\/generate.fr\/presentation\/candidater\/","og_locale":"en_US","og_type":"article","og_title":"Join us - GENERATE","og_description":"Un chiffre en t\u00e9moigne : pour les 28 heureux \u00e9lus, c\u2019est plus de 130 candidatures qui ont \u00e9t\u00e9 \u00e9tudi\u00e9es par nos \u00e9quipes et un jury de professionnels ...","og_url":"https:\/\/generate.fr\/presentation\/candidater\/","og_site_name":"GENERATE","article_modified_time":"2019-10-15T09:47:31+00:00","og_image":[{"width":500,"height":261,"url":"https:\/\/generate.fr\/wp-content\/uploads\/2019\/07\/generateFacebook.jpg","type":"image\/jpeg"}],"twitter_card":"summary_large_image","twitter_misc":{"Est. reading time":"11 minutes"},"schema":{"@context":"https:\/\/schema.org","@graph":[{"@type":"WebPage","@id":"https:\/\/generate.fr\/presentation\/candidater\/","url":"https:\/\/generate.fr\/presentation\/candidater\/","name":"Join us - GENERATE","isPartOf":{"@id":"https:\/\/generate.fr\/#website"},"datePublished":"2019-05-03T13:36:03+00:00","dateModified":"2019-10-15T09:47:31+00:00","description":"Un chiffre en t\u00e9moigne : pour les 28 heureux \u00e9lus, c\u2019est plus de 130 candidatures qui ont \u00e9t\u00e9 \u00e9tudi\u00e9es par nos \u00e9quipes et un jury de professionnels ...","breadcrumb":{"@id":"https:\/\/generate.fr\/presentation\/candidater\/#breadcrumb"},"inLanguage":"en-US","potentialAction":[{"@type":"ReadAction","target":["https:\/\/generate.fr\/presentation\/candidater\/"]}]},{"@type":"BreadcrumbList","@id":"https:\/\/generate.fr\/presentation\/candidater\/#breadcrumb","itemListElement":[{"@type":"ListItem","position":1,"name":"Accueil","item":"https:\/\/generate.fr\/"},{"@type":"ListItem","position":2,"name":"Join us"}]},{"@type":"WebSite","@id":"https:\/\/generate.fr\/#website","url":"https:\/\/generate.fr\/","name":"GENERATE","description":"Acc\u00e9l\u00e9rateur d&#039;innovation pour la D\u00e9fense et la S\u00e9curit\u00e9","publisher":{"@id":"https:\/\/generate.fr\/#organization"},"potentialAction":[{"@type":"SearchAction","target":{"@type":"EntryPoint","urlTemplate":"https:\/\/generate.fr\/?s={search_term_string}"},"query-input":{"@type":"PropertyValueSpecification","valueRequired":true,"valueName":"search_term_string"}}],"inLanguage":"en-US"},{"@type":"Organization","@id":"https:\/\/generate.fr\/#organization","name":"Generate","url":"https:\/\/generate.fr\/","logo":{"@type":"ImageObject","inLanguage":"en-US","@id":"https:\/\/generate.fr\/#\/schema\/logo\/image\/","url":"https:\/\/generate.fr\/wp-content\/uploads\/2019\/05\/Generate.png","contentUrl":"https:\/\/generate.fr\/wp-content\/uploads\/2019\/05\/Generate.png","width":1000,"height":316,"caption":"Generate"},"image":{"@id":"https:\/\/generate.fr\/#\/schema\/logo\/image\/"},"sameAs":["https:\/\/www.youtube.com\/channel\/UCsoYfr1MZdZT2bqI7CNN1Rw"]}]}},"_links":{"self":[{"href":"https:\/\/generate.fr\/en\/wp-json\/wp\/v2\/pages\/2293","targetHints":{"allow":["GET"]}}],"collection":[{"href":"https:\/\/generate.fr\/en\/wp-json\/wp\/v2\/pages"}],"about":[{"href":"https:\/\/generate.fr\/en\/wp-json\/wp\/v2\/types\/page"}],"author":[{"embeddable":true,"href":"https:\/\/generate.fr\/en\/wp-json\/wp\/v2\/users\/1"}],"replies":[{"embeddable":true,"href":"https:\/\/generate.fr\/en\/wp-json\/wp\/v2\/comments?post=2293"}],"version-history":[{"count":5,"href":"https:\/\/generate.fr\/en\/wp-json\/wp\/v2\/pages\/2293\/revisions"}],"predecessor-version":[{"id":2300,"href":"https:\/\/generate.fr\/en\/wp-json\/wp\/v2\/pages\/2293\/revisions\/2300"}],"wp:attachment":[{"href":"https:\/\/generate.fr\/en\/wp-json\/wp\/v2\/media?parent=2293"}],"curies":[{"name":"wp","href":"https:\/\/api.w.org\/{rel}","templated":true}]}}