{"id":2522,"date":"2019-10-14T14:30:52","date_gmt":"2019-10-14T14:30:52","guid":{"rendered":"https:\/\/generate.fr\/?page_id=2522"},"modified":"2019-10-15T10:08:28","modified_gmt":"2019-10-15T10:08:28","slug":"contact-form","status":"publish","type":"page","link":"https:\/\/generate.fr\/en\/contact-form\/","title":{"rendered":"Contact form"},"content":{"rendered":"<p><section class=\"ffb-id-335hd6ml fg-section fg-text-dark\"><div class=\"fg-container container fg-container-large fg-container-lvl--1 \"><div class=\"fg-row row    \" ><div class=\"ffb-id-335i1trf fg-col col-xs-12 col-xs-offset-1 col-md-3 fg-text-dark\" data-fg-wow=\"fadeInLeft\" data-wow-duration=\"2s\"><div class=\"ffb-id-335i5nq3 fg-wrapper fg-el-has-bg fg-text-dark\"><span class=\"fg-bg\"><span data-fg-bg=\"{&quot;type&quot;:&quot;color&quot;,&quot;opacity&quot;:1,&quot;color&quot;:&quot;#ffffff&quot;}\" class=\"fg-bg-layer fg-bg-type-color \" style=\"opacity: 1; background-color: #ffffff;\"><\/span><\/span><img decoding=\"async\" class=\"ffb-id-335i5r3l fg-image  img-responsive fg-text-dark\" src=\"https:\/\/generate.fr\/wp-content\/uploads\/2019\/05\/001-location-pin.png\" alt=\"001-location-pin\" style=\"width:75px;  display:block;margin:0 auto;\"><p class=\"ffb-id-335i5uec fg-paragraph text-left    fg-text-dark\"><\/p>\n<p style=\"text-align: center\"><strong style=\"font-weight : 700 !important\">GENERATE By GICAT<\/strong><br \/>3 Avenue Hoche <br \/>75008 Paris<\/p>\n<p><\/p><\/div><div class=\"ffb-id-335ic8np fg-wrapper fg-el-has-bg fg-text-dark\"><span class=\"fg-bg\"><span data-fg-bg=\"{&quot;type&quot;:&quot;color&quot;,&quot;opacity&quot;:1,&quot;color&quot;:&quot;#ffffff&quot;}\" class=\"fg-bg-layer fg-bg-type-color \" style=\"opacity: 1; background-color: #ffffff;\"><\/span><\/span><img decoding=\"async\" class=\"ffb-id-335ic8nq fg-image  img-responsive fg-text-dark\" src=\"https:\/\/generate.fr\/wp-content\/uploads\/2019\/05\/003-call.png\" alt=\"003-call\" style=\"width:75px;  display:block;margin:0 auto;\"><div class=\"ffb-id-335ic8nr fg-paragraph ff-richtext text-left    fg-text-dark\"><\/p>\n<p style=\"text-align: center\"><a href=\"tel:01 44 14 58 20\" target=\"_blank\" rel=\"noopener noreferrer\">01 44 14 58 20<\/a><\/p>\n<p><\/div><\/div><div class=\"ffb-id-335ic6ug fg-wrapper fg-el-has-bg fg-text-dark\"><span class=\"fg-bg\"><span data-fg-bg=\"{&quot;type&quot;:&quot;color&quot;,&quot;opacity&quot;:1,&quot;color&quot;:&quot;#ffffff&quot;}\" class=\"fg-bg-layer fg-bg-type-color \" style=\"opacity: 1; background-color: #ffffff;\"><\/span><\/span><img decoding=\"async\" class=\"ffb-id-335ic6uh fg-image  img-responsive fg-text-dark\" src=\"https:\/\/generate.fr\/wp-content\/uploads\/2019\/05\/002-mail.png\" alt=\"002-mail\" style=\"width:75px;  display:block;margin:0 auto;\"><p class=\"ffb-id-335ic6ui fg-paragraph text-left    fg-text-dark\"><\/p>\n<p style=\"text-align: center\"><a href=\"mailto:contact@generate.fr\">contact@generate.fr<\/a><\/p>\n<p><\/p><\/div><\/div><div class=\"ffb-id-335hd6mm fg-col col-xs-12 col-sm-offset-1 col-md-6 fg-el-has-bg fg-text-dark\" data-fg-wow=\"fadeInRight\" data-wow-duration=\"2s\"><span class=\"fg-bg\"><span data-fg-bg=\"{&quot;type&quot;:&quot;color&quot;,&quot;opacity&quot;:1,&quot;color&quot;:&quot;#ffffff&quot;}\" class=\"fg-bg-layer fg-bg-type-color \" style=\"opacity: 1; background-color: #ffffff;\"><\/span><\/span><div class=\"ffb-id-335ho8nr ff-richtext fg-text-dark\"><p>\n<div class=\"wpcf7 no-js\" id=\"wpcf7-f2645-o1\" lang=\"fr-FR\" dir=\"ltr\" data-wpcf7-id=\"2645\">\n<div class=\"screen-reader-response\"><p role=\"status\" aria-live=\"polite\" aria-atomic=\"true\"><\/p> <ul><\/ul><\/div>\n<form action=\"\/en\/wp-json\/wp\/v2\/pages\/2522#wpcf7-f2645-o1\" method=\"post\" class=\"wpcf7-form init\" aria-label=\"Formulaire de contact\" novalidate=\"novalidate\" data-status=\"init\">\n<fieldset class=\"hidden-fields-container\"><input type=\"hidden\" name=\"_wpcf7\" value=\"2645\" \/><input type=\"hidden\" name=\"_wpcf7_version\" value=\"6.1.5\" \/><input type=\"hidden\" name=\"_wpcf7_locale\" value=\"fr_FR\" \/><input type=\"hidden\" name=\"_wpcf7_unit_tag\" value=\"wpcf7-f2645-o1\" \/><input type=\"hidden\" name=\"_wpcf7_container_post\" value=\"0\" \/><input type=\"hidden\" name=\"_wpcf7_posted_data_hash\" value=\"\" \/>\n<\/fieldset>\n<p><span class=\"wpcf7-form-control-wrap\" data-name=\"prenom\"><input size=\"40\" maxlength=\"400\" class=\"wpcf7-form-control wpcf7-text wpcf7-validates-as-required\" aria-required=\"true\" aria-invalid=\"false\" placeholder=\"First name\" value=\"\" type=\"text\" name=\"prenom\" \/><\/span>\n<\/p>\n<p><span class=\"wpcf7-form-control-wrap\" data-name=\"nom\"><input size=\"40\" maxlength=\"400\" class=\"wpcf7-form-control wpcf7-text wpcf7-validates-as-required\" aria-required=\"true\" aria-invalid=\"false\" placeholder=\"Last name\" value=\"\" type=\"text\" name=\"nom\" \/><\/span>\n<\/p>\n<p><span class=\"wpcf7-form-control-wrap\" data-name=\"your-email\"><input size=\"40\" maxlength=\"400\" class=\"wpcf7-form-control wpcf7-email wpcf7-validates-as-required wpcf7-text wpcf7-validates-as-email\" aria-required=\"true\" aria-invalid=\"false\" placeholder=\"Email\" value=\"\" type=\"email\" name=\"your-email\" \/><\/span>\n<\/p>\n<p><span class=\"wpcf7-form-control-wrap\" data-name=\"fonction\"><input size=\"40\" maxlength=\"400\" class=\"wpcf7-form-control wpcf7-text wpcf7-validates-as-required\" aria-required=\"true\" aria-invalid=\"false\" placeholder=\"Job title\" value=\"\" type=\"text\" name=\"fonction\" \/><\/span>\n<\/p>\n<p><span class=\"wpcf7-form-control-wrap\" data-name=\"societe\"><input size=\"40\" maxlength=\"400\" class=\"wpcf7-form-control wpcf7-text wpcf7-validates-as-required\" aria-required=\"true\" aria-invalid=\"false\" placeholder=\"Company\" value=\"\" type=\"text\" name=\"societe\" \/><\/span>\n<\/p>\n<p><span class=\"wpcf7-form-control-wrap\" data-name=\"your-message\"><textarea cols=\"40\" rows=\"10\" maxlength=\"2000\" class=\"wpcf7-form-control wpcf7-textarea\" aria-invalid=\"false\" placeholder=\"Your message\" name=\"your-message\"><\/textarea><\/span>\n<\/p>\n<p><span class=\"wpcf7-form-control-wrap\" data-name=\"RGPD\"><span class=\"wpcf7-form-control wpcf7-checkbox wpcf7-validates-as-required\"><span class=\"wpcf7-list-item first last\"><input type=\"checkbox\" name=\"RGPD[]\" value=\"I hereby authorize the use of my personal data in accordance to GDPR to be contacted by GICAT and their team.\" \/><span class=\"wpcf7-list-item-label\">I hereby authorize the use of my personal data in accordance to GDPR to be contacted by GICAT and their team.<\/span><\/span><\/span><\/span>\n<\/p>\n<p><input class=\"wpcf7-form-control wpcf7-submit has-spinner\" type=\"submit\" value=\"Send\" \/>\n<\/p><div class=\"wpcf7-response-output\" aria-hidden=\"true\"><\/div>\n<\/form>\n<\/div>\n<\/p><\/div><\/div><\/div><\/div><\/section><style>.ffb-id-335hd6ml{ padding-bottom: 30px;} .ffb-id-335hd6ml input, textarea{ width:100%;padding:5px;} .ffb-id-335hd6ml input[type=\"checkbox\"]{ width:5%;}.ffb-id-335hd6mm{ padding-top: 30px;}.ffb-id-335hd6mm{ box-shadow: 0px 3px 5px 0px rgba(0,0,0,0.18);}.ffb-id-335i1trf a,.ffb-id-335i1trf a:before,.ffb-id-335i1trf a:after,.ffb-id-335i1trf a *,.ffb-id-335i1trf a *:before,.ffb-id-335i1trf a *:after{ color: #606060 !important;}.ffb-id-335i1trf{ font-weight: 200 !important;}.ffb-id-335i1trf ,.ffb-id-335i1trf:before,.ffb-id-335i1trf:after,.ffb-id-335i1trf:hover,.ffb-id-335i1trf:focus,.ffb-id-335i1trf *,.ffb-id-335i1trf *:before,.ffb-id-335i1trf *:after,.ffb-id-335i1trf *:hover,.ffb-id-335i1trf *:focus{ font-weight: 200 !important;}.ffb-id-335ic6ug{ padding-top: 20px;padding-bottom: 10px;}.ffb-id-335ic6ug{ box-shadow: 0px 3px 5px 0px rgba(0,0,0,0.18);}.ffb-id-335ic8np{ margin-top: 20px;margin-bottom: 20px;padding-top: 20px;padding-bottom: 10px;}.ffb-id-335ic8np{ box-shadow: 0px 3px 5px 0px rgba(0,0,0,0.18);}.ffb-id-335ic8nq{ padding-bottom: 20px;}.ffb-id-335i5nq3{ padding-top: 20px;padding-bottom: 10px;}.ffb-id-335i5nq3{ box-shadow: 0px 3px 5px 0px rgba(0,0,0,0.18);}.ffb-id-335i5r3l{ padding-bottom: 20px;}<\/style><script type=\"text\/javascript\"><\/script><section class=\"ffb-id-335ik14p fg-section fg-text-dark\"><div class=\"fg-container container fg-container-large fg-container-lvl--1 \"><div class=\"fg-row row    \" ><div class=\"ffb-id-335ik14q fg-col col-xs-12 col-xs-offset-1 col-md-10 fg-el-has-bg fg-text-dark\" data-fg-wow=\"fadeInUp\" data-wow-duration=\"2s\"><span class=\"fg-bg\"><span data-fg-bg=\"{&quot;type&quot;:&quot;color&quot;,&quot;opacity&quot;:1,&quot;color&quot;:&quot;#ffffff&quot;}\" class=\"fg-bg-layer fg-bg-type-color \" style=\"opacity: 1; background-color: #ffffff;\"><\/span><\/span><div class=\"ffb-id-335ik79h embed-video-external\"><div class=\"embed-responsive\"><iframe loading=\"lazy\"\tclass=\"embed-responsive-item\" src=\"https:\/\/www.google.com\/maps\/embed?pb=!1m14!1m8!1m3!1d83986.11314559974!2d2.2727854!3d48.8664851!3m2!1i1024!2i768!4f13.1!3m3!1m2!1s0x47e66ff4e999a211%3A0xced69fce035330be!2sGICAT!5e0!3m2!1sen!2sfr!4v1558094135494!5m2!1sen!2sfr\" width=\"600\" height=\"450\" frameborder=\"0\" style=\"border:0\" allowfullscreen><\/iframe><\/div><\/div><\/div><\/div><\/div><\/section><style>.ffb-id-335hd6ml{ \npadding-bottom: 30px;\n\n}\n .ffb-id-335hd6ml input, textarea{ \nwidth:100%;\npadding:5px;\n}\n .ffb-id-335hd6ml input[type=\"checkbox\"]{ \nwidth:5%;\n}\n.ffb-id-335hd6mm{ \npadding-top: 30px;\n\n}\n.ffb-id-335hd6mm{ \nbox-shadow: 0px 3px 5px 0px rgba(0,0,0,0.18);\n\n}\n.ffb-id-335i1trf a,\n.ffb-id-335i1trf a:before,\n.ffb-id-335i1trf a:after,\n.ffb-id-335i1trf a *,\n.ffb-id-335i1trf a *:before,\n.ffb-id-335i1trf a *:after{ \ncolor: #606060 !important;\n}\n.ffb-id-335i1trf{ \nfont-weight: 200 !important;\n}\n.ffb-id-335i1trf ,\n.ffb-id-335i1trf:before,\n.ffb-id-335i1trf:after,\n.ffb-id-335i1trf:hover,\n.ffb-id-335i1trf:focus,\n.ffb-id-335i1trf *,\n.ffb-id-335i1trf *:before,\n.ffb-id-335i1trf *:after,\n.ffb-id-335i1trf *:hover,\n.ffb-id-335i1trf *:focus{ \nfont-weight: 200 !important;\n}\n.ffb-id-335ic6ug{ \npadding-top: 20px;\npadding-bottom: 10px;\n\n}\n.ffb-id-335ic6ug{ \nbox-shadow: 0px 3px 5px 0px rgba(0,0,0,0.18);\n\n}\n.ffb-id-335ic8np{ \nmargin-top: 20px;\nmargin-bottom: 20px;\npadding-top: 20px;\npadding-bottom: 10px;\n\n}\n.ffb-id-335ic8np{ \nbox-shadow: 0px 3px 5px 0px rgba(0,0,0,0.18);\n\n}\n.ffb-id-335ic8nq{ \npadding-bottom: 20px;\n\n}\n.ffb-id-335i5nq3{ \npadding-top: 20px;\npadding-bottom: 10px;\n\n}\n.ffb-id-335i5nq3{ \nbox-shadow: 0px 3px 5px 0px rgba(0,0,0,0.18);\n\n}\n.ffb-id-335i5r3l{ \npadding-bottom: 20px;\n\n}\n.ffb-id-335ik14p{ padding-bottom: 40px;}.ffb-id-335ik14q{ padding-top: 20px;padding-bottom: 20px;}.ffb-id-335ik14q{ box-shadow: 0px 3px 5px 0px rgba(0,0,0,0.18);}.ffb-id-335ik79h .embed-responsive{ padding-bottom:25%;}<\/style><script type=\"text\/javascript\"><\/script><\/p>\n","protected":false},"excerpt":{"rendered":"","protected":false},"author":1,"featured_media":0,"parent":0,"menu_order":0,"comment_status":"closed","ping_status":"closed","template":"","meta":{"footnotes":""},"class_list":["post-2522","page","type-page","status-publish","hentry","post-wrapper"],"yoast_head":"<!-- This site is optimized with the Yoast SEO plugin v27.4 - https:\/\/yoast.com\/product\/yoast-seo-wordpress\/ -->\n<title>Contact form - GENERATE<\/title>\n<meta name=\"description\" content=\"N\u2019h\u00e9sitez pas \u00e0 nous contacter si vous avez besoin d\u2019informations compl\u00e9mentaires sur notre programme : fonctionnement, adh\u00e9sion, partenariats,etc.\" \/>\n<meta name=\"robots\" content=\"index, follow, max-snippet:-1, max-image-preview:large, max-video-preview:-1\" \/>\n<link rel=\"canonical\" href=\"https:\/\/generate.fr\/contact\/formulaire-de-contact\/\" \/>\n<meta property=\"og:locale\" content=\"en_US\" \/>\n<meta property=\"og:type\" content=\"article\" \/>\n<meta property=\"og:title\" content=\"Contact form - GENERATE\" \/>\n<meta property=\"og:description\" content=\"N\u2019h\u00e9sitez pas \u00e0 nous contacter si vous avez besoin d\u2019informations compl\u00e9mentaires sur notre programme : fonctionnement, adh\u00e9sion, partenariats,etc.\" \/>\n<meta property=\"og:url\" content=\"https:\/\/generate.fr\/contact\/formulaire-de-contact\/\" \/>\n<meta property=\"og:site_name\" content=\"GENERATE\" \/>\n<meta property=\"article:modified_time\" content=\"2019-10-15T10:08:28+00:00\" \/>\n<meta property=\"og:image\" content=\"https:\/\/generate.fr\/wp-content\/uploads\/2019\/07\/generateFacebook.jpg\" \/>\n\t<meta property=\"og:image:width\" content=\"500\" \/>\n\t<meta property=\"og:image:height\" content=\"261\" \/>\n\t<meta property=\"og:image:type\" content=\"image\/jpeg\" \/>\n<meta name=\"twitter:card\" content=\"summary_large_image\" \/>\n<meta name=\"twitter:label1\" content=\"Est. reading time\" \/>\n\t<meta name=\"twitter:data1\" content=\"8 minutes\" \/>\n<script type=\"application\/ld+json\" class=\"yoast-schema-graph\">{\"@context\":\"https:\\\/\\\/schema.org\",\"@graph\":[{\"@type\":\"WebPage\",\"@id\":\"https:\\\/\\\/generate.fr\\\/contact\\\/formulaire-de-contact\\\/\",\"url\":\"https:\\\/\\\/generate.fr\\\/contact\\\/formulaire-de-contact\\\/\",\"name\":\"Contact form - GENERATE\",\"isPartOf\":{\"@id\":\"https:\\\/\\\/generate.fr\\\/#website\"},\"datePublished\":\"2019-10-14T14:30:52+00:00\",\"dateModified\":\"2019-10-15T10:08:28+00:00\",\"description\":\"N\u2019h\u00e9sitez pas \u00e0 nous contacter si vous avez besoin d\u2019informations compl\u00e9mentaires sur notre programme : fonctionnement, adh\u00e9sion, partenariats,etc.\",\"breadcrumb\":{\"@id\":\"https:\\\/\\\/generate.fr\\\/contact\\\/formulaire-de-contact\\\/#breadcrumb\"},\"inLanguage\":\"en-US\",\"potentialAction\":[{\"@type\":\"ReadAction\",\"target\":[\"https:\\\/\\\/generate.fr\\\/contact\\\/formulaire-de-contact\\\/\"]}]},{\"@type\":\"BreadcrumbList\",\"@id\":\"https:\\\/\\\/generate.fr\\\/contact\\\/formulaire-de-contact\\\/#breadcrumb\",\"itemListElement\":[{\"@type\":\"ListItem\",\"position\":1,\"name\":\"Accueil\",\"item\":\"https:\\\/\\\/generate.fr\\\/\"},{\"@type\":\"ListItem\",\"position\":2,\"name\":\"Contact form\"}]},{\"@type\":\"WebSite\",\"@id\":\"https:\\\/\\\/generate.fr\\\/#website\",\"url\":\"https:\\\/\\\/generate.fr\\\/\",\"name\":\"GENERATE\",\"description\":\"Acc\u00e9l\u00e9rateur d&#039;innovation pour la D\u00e9fense et la S\u00e9curit\u00e9\",\"publisher\":{\"@id\":\"https:\\\/\\\/generate.fr\\\/#organization\"},\"potentialAction\":[{\"@type\":\"SearchAction\",\"target\":{\"@type\":\"EntryPoint\",\"urlTemplate\":\"https:\\\/\\\/generate.fr\\\/?s={search_term_string}\"},\"query-input\":{\"@type\":\"PropertyValueSpecification\",\"valueRequired\":true,\"valueName\":\"search_term_string\"}}],\"inLanguage\":\"en-US\"},{\"@type\":\"Organization\",\"@id\":\"https:\\\/\\\/generate.fr\\\/#organization\",\"name\":\"Generate\",\"url\":\"https:\\\/\\\/generate.fr\\\/\",\"logo\":{\"@type\":\"ImageObject\",\"inLanguage\":\"en-US\",\"@id\":\"https:\\\/\\\/generate.fr\\\/#\\\/schema\\\/logo\\\/image\\\/\",\"url\":\"https:\\\/\\\/generate.fr\\\/wp-content\\\/uploads\\\/2019\\\/05\\\/Generate.png\",\"contentUrl\":\"https:\\\/\\\/generate.fr\\\/wp-content\\\/uploads\\\/2019\\\/05\\\/Generate.png\",\"width\":1000,\"height\":316,\"caption\":\"Generate\"},\"image\":{\"@id\":\"https:\\\/\\\/generate.fr\\\/#\\\/schema\\\/logo\\\/image\\\/\"},\"sameAs\":[\"https:\\\/\\\/www.youtube.com\\\/channel\\\/UCsoYfr1MZdZT2bqI7CNN1Rw\"]}]}<\/script>\n<!-- \/ Yoast SEO plugin. -->","yoast_head_json":{"title":"Contact form - GENERATE","description":"N\u2019h\u00e9sitez pas \u00e0 nous contacter si vous avez besoin d\u2019informations compl\u00e9mentaires sur notre programme : fonctionnement, adh\u00e9sion, partenariats,etc.","robots":{"index":"index","follow":"follow","max-snippet":"max-snippet:-1","max-image-preview":"max-image-preview:large","max-video-preview":"max-video-preview:-1"},"canonical":"https:\/\/generate.fr\/contact\/formulaire-de-contact\/","og_locale":"en_US","og_type":"article","og_title":"Contact form - GENERATE","og_description":"N\u2019h\u00e9sitez pas \u00e0 nous contacter si vous avez besoin d\u2019informations compl\u00e9mentaires sur notre programme : fonctionnement, adh\u00e9sion, partenariats,etc.","og_url":"https:\/\/generate.fr\/contact\/formulaire-de-contact\/","og_site_name":"GENERATE","article_modified_time":"2019-10-15T10:08:28+00:00","og_image":[{"width":500,"height":261,"url":"https:\/\/generate.fr\/wp-content\/uploads\/2019\/07\/generateFacebook.jpg","type":"image\/jpeg"}],"twitter_card":"summary_large_image","twitter_misc":{"Est. reading time":"8 minutes"},"schema":{"@context":"https:\/\/schema.org","@graph":[{"@type":"WebPage","@id":"https:\/\/generate.fr\/contact\/formulaire-de-contact\/","url":"https:\/\/generate.fr\/contact\/formulaire-de-contact\/","name":"Contact form - GENERATE","isPartOf":{"@id":"https:\/\/generate.fr\/#website"},"datePublished":"2019-10-14T14:30:52+00:00","dateModified":"2019-10-15T10:08:28+00:00","description":"N\u2019h\u00e9sitez pas \u00e0 nous contacter si vous avez besoin d\u2019informations compl\u00e9mentaires sur notre programme : fonctionnement, adh\u00e9sion, partenariats,etc.","breadcrumb":{"@id":"https:\/\/generate.fr\/contact\/formulaire-de-contact\/#breadcrumb"},"inLanguage":"en-US","potentialAction":[{"@type":"ReadAction","target":["https:\/\/generate.fr\/contact\/formulaire-de-contact\/"]}]},{"@type":"BreadcrumbList","@id":"https:\/\/generate.fr\/contact\/formulaire-de-contact\/#breadcrumb","itemListElement":[{"@type":"ListItem","position":1,"name":"Accueil","item":"https:\/\/generate.fr\/"},{"@type":"ListItem","position":2,"name":"Contact form"}]},{"@type":"WebSite","@id":"https:\/\/generate.fr\/#website","url":"https:\/\/generate.fr\/","name":"GENERATE","description":"Acc\u00e9l\u00e9rateur d&#039;innovation pour la D\u00e9fense et la S\u00e9curit\u00e9","publisher":{"@id":"https:\/\/generate.fr\/#organization"},"potentialAction":[{"@type":"SearchAction","target":{"@type":"EntryPoint","urlTemplate":"https:\/\/generate.fr\/?s={search_term_string}"},"query-input":{"@type":"PropertyValueSpecification","valueRequired":true,"valueName":"search_term_string"}}],"inLanguage":"en-US"},{"@type":"Organization","@id":"https:\/\/generate.fr\/#organization","name":"Generate","url":"https:\/\/generate.fr\/","logo":{"@type":"ImageObject","inLanguage":"en-US","@id":"https:\/\/generate.fr\/#\/schema\/logo\/image\/","url":"https:\/\/generate.fr\/wp-content\/uploads\/2019\/05\/Generate.png","contentUrl":"https:\/\/generate.fr\/wp-content\/uploads\/2019\/05\/Generate.png","width":1000,"height":316,"caption":"Generate"},"image":{"@id":"https:\/\/generate.fr\/#\/schema\/logo\/image\/"},"sameAs":["https:\/\/www.youtube.com\/channel\/UCsoYfr1MZdZT2bqI7CNN1Rw"]}]}},"_links":{"self":[{"href":"https:\/\/generate.fr\/en\/wp-json\/wp\/v2\/pages\/2522","targetHints":{"allow":["GET"]}}],"collection":[{"href":"https:\/\/generate.fr\/en\/wp-json\/wp\/v2\/pages"}],"about":[{"href":"https:\/\/generate.fr\/en\/wp-json\/wp\/v2\/types\/page"}],"author":[{"embeddable":true,"href":"https:\/\/generate.fr\/en\/wp-json\/wp\/v2\/users\/1"}],"replies":[{"embeddable":true,"href":"https:\/\/generate.fr\/en\/wp-json\/wp\/v2\/comments?post=2522"}],"version-history":[{"count":4,"href":"https:\/\/generate.fr\/en\/wp-json\/wp\/v2\/pages\/2522\/revisions"}],"predecessor-version":[{"id":2663,"href":"https:\/\/generate.fr\/en\/wp-json\/wp\/v2\/pages\/2522\/revisions\/2663"}],"wp:attachment":[{"href":"https:\/\/generate.fr\/en\/wp-json\/wp\/v2\/media?parent=2522"}],"curies":[{"name":"wp","href":"https:\/\/api.w.org\/{rel}","templated":true}]}}